{"id":2370,"date":"2025-08-27T03:23:55","date_gmt":"2025-08-27T03:23:55","guid":{"rendered":"https:\/\/chinacustomboxes.com\/?post_type=product&#038;p=2370"},"modified":"2025-09-03T07:49:16","modified_gmt":"2025-09-03T07:49:16","slug":"custom-magnetic-lid-eyeshadow-palette-packaging-wholesale","status":"publish","type":"product","link":"https:\/\/chinacustomboxes.com\/tr\/custom-magnetic-lid-eyeshadow-palette-packaging-wholesale\/","title":{"rendered":"\u00d6zel Manyetik Kapakl\u0131 G\u00f6z Far\u0131 Paleti Ambalaj\u0131 Toptan Sat\u0131\u015f"},"content":{"rendered":"<h2 id=\"custom-magnetic-lid-eyeshadow-palette-packaging-wholesale\">\u00d6zel Manyetik Kapakl\u0131 G\u00f6z Far\u0131 Paleti Ambalaj\u0131 Toptan Sat\u0131\u015f<\/h2>\n<p>Yeni \u00f6zel manyetik kapakl\u0131 far paleti ambalaj\u0131m\u0131z\u0131 sunmaktan mutluluk duyuyoruz. Klasik kitaplar ve g\u00fcn\u00fcm\u00fcz esteti\u011finin birle\u015fiminden ilham alarak, premium kozmetik markalar\u0131na hem sanatsal \u00e7ekicili\u011fi hem de pratikli\u011fi bir araya getiren bir ambalaj \u00e7\u00f6z\u00fcm\u00fc sunmay\u0131 ama\u00e7l\u0131yoruz.<\/p>\n<h2 id=\"-1-timeless-magnetic-book-shaped-box-style-a-blend-of-sophistication-and-safety-\"><strong>1. Zamans\u0131z Manyetik Kapak Kapatma Kutular\u0131 Stili: Sofistike ve G\u00fcvenli Bir Kar\u0131\u015f\u0131m <\/strong>.<\/h2>\n<p>Bu g\u00f6z far\u0131 paleti ambalaj\u0131 geleneksel bir <a href=\"https:\/\/chinacustomboxes.com\/tr\/magnetic-closure-boxes\/\">m\u0131knat\u0131sl\u0131 kapak kapatma kutular\u0131<\/a> k\u0131r\u0131lgan bir not defterini veya \u015f\u0131k bir clutch'\u0131 an\u0131msatan \u015f\u0131k hatlara sahip tasar\u0131m. Entegre gizli manyetik tutma yeri, kapa\u011f\u0131n keskin bir t\u0131klamayla zahmetsizce a\u00e7\u0131l\u0131p kapanmas\u0131n\u0131 sa\u011flayarak kullan\u0131c\u0131 deneyimini \u00f6nemli \u00f6l\u00e7\u00fcde geli\u015ftirirken, paletin ta\u015f\u0131ma s\u0131ras\u0131nda g\u00fcvenli bir \u015fekilde yerinde kalmas\u0131n\u0131 sa\u011flar ve i\u00e7indeki hassas g\u00f6z far\u0131 \u00fcr\u00fcn\u00fcn\u00fc ba\u015far\u0131yla korur.<\/p>\n<p><img fetchpriority=\"high\" decoding=\"async\" class=\"alignnone wp-image-2376 size-full\" src=\"https:\/\/chinacustomboxes.com\/wp-content\/uploads\/2025\/08\/Custom-Magnetic-Lid-Eyeshadow-Palette-Packaging-Wholesale-5.jpg\" alt=\"\u00d6zel Manyetik Kapakl\u0131 G\u00f6z Far\u0131 Paleti Ambalaj\u0131 Toptan Sat\u0131\u015f\" width=\"1000\" height=\"1000\" title=\"\" srcset=\"https:\/\/chinacustomboxes.com\/wp-content\/uploads\/2025\/08\/Custom-Magnetic-Lid-Eyeshadow-Palette-Packaging-Wholesale-5.jpg 1000w, https:\/\/chinacustomboxes.com\/wp-content\/uploads\/2025\/08\/Custom-Magnetic-Lid-Eyeshadow-Palette-Packaging-Wholesale-5-300x300.jpg 300w, https:\/\/chinacustomboxes.com\/wp-content\/uploads\/2025\/08\/Custom-Magnetic-Lid-Eyeshadow-Palette-Packaging-Wholesale-5-150x150.jpg 150w, https:\/\/chinacustomboxes.com\/wp-content\/uploads\/2025\/08\/Custom-Magnetic-Lid-Eyeshadow-Palette-Packaging-Wholesale-5-768x768.jpg 768w, https:\/\/chinacustomboxes.com\/wp-content\/uploads\/2025\/08\/Custom-Magnetic-Lid-Eyeshadow-Palette-Packaging-Wholesale-5-12x12.jpg 12w, https:\/\/chinacustomboxes.com\/wp-content\/uploads\/2025\/08\/Custom-Magnetic-Lid-Eyeshadow-Palette-Packaging-Wholesale-5-600x600.jpg 600w, https:\/\/chinacustomboxes.com\/wp-content\/uploads\/2025\/08\/Custom-Magnetic-Lid-Eyeshadow-Palette-Packaging-Wholesale-5-100x100.jpg 100w\" sizes=\"(max-width: 1000px) 100vw, 1000px\" \/><\/p>\n<h2 id=\"-2-premium-product-choice-durability-and-quality-\"><strong>2. Premium \u00dcr\u00fcn Se\u00e7imi: Dayan\u0131kl\u0131l\u0131k ve Kalite\u00a0<\/strong>.<\/h2>\n<p>Ana ambalaj y\u00fcksek yo\u011funluklu sert ka\u011f\u0131ttan \u00fcretilmi\u015ftir, sa\u011flam ve bas\u0131nca dayan\u0131kl\u0131 kutular garanti eder, \u00fcr\u00fcn\u00fc nakliye ve g\u00fcnl\u00fck kullan\u0131m s\u0131ras\u0131nda kas\u0131ts\u0131z hasarlardan etkili bir \u015fekilde korur. D\u0131\u015f katman, \u00f6zel ka\u011f\u0131t veya y\u00fcksek gramajl\u0131 katmanl\u0131 ka\u011f\u0131t ile desteklenerek p\u00fcr\u00fczs\u00fcz ve cilal\u0131 bir his yarat\u0131r ve ambalaja benzersiz bir \u00fcst d\u00fczey hissi verir. \u00dcr\u00fcnlerin toplam zengin yap\u0131s\u0131, markan\u0131n premium konumland\u0131rmas\u0131n\u0131 m\u00fckemmel bir \u015fekilde yans\u0131tmaktad\u0131r.<\/p>\n<p><img decoding=\"async\" class=\"alignnone wp-image-2375 size-full\" src=\"https:\/\/chinacustomboxes.com\/wp-content\/uploads\/2025\/08\/Custom-Magnetic-Lid-Eyeshadow-Palette-Packaging-Wholesale-4.jpg\" alt=\"\u00d6zel Manyetik Kapakl\u0131 G\u00f6z Far\u0131 Paleti Ambalaj\u0131 Toptan Sat\u0131\u015f\" width=\"1000\" height=\"1000\" title=\"\" srcset=\"https:\/\/chinacustomboxes.com\/wp-content\/uploads\/2025\/08\/Custom-Magnetic-Lid-Eyeshadow-Palette-Packaging-Wholesale-4.jpg 1000w, https:\/\/chinacustomboxes.com\/wp-content\/uploads\/2025\/08\/Custom-Magnetic-Lid-Eyeshadow-Palette-Packaging-Wholesale-4-300x300.jpg 300w, https:\/\/chinacustomboxes.com\/wp-content\/uploads\/2025\/08\/Custom-Magnetic-Lid-Eyeshadow-Palette-Packaging-Wholesale-4-150x150.jpg 150w, https:\/\/chinacustomboxes.com\/wp-content\/uploads\/2025\/08\/Custom-Magnetic-Lid-Eyeshadow-Palette-Packaging-Wholesale-4-768x768.jpg 768w, https:\/\/chinacustomboxes.com\/wp-content\/uploads\/2025\/08\/Custom-Magnetic-Lid-Eyeshadow-Palette-Packaging-Wholesale-4-12x12.jpg 12w, https:\/\/chinacustomboxes.com\/wp-content\/uploads\/2025\/08\/Custom-Magnetic-Lid-Eyeshadow-Palette-Packaging-Wholesale-4-600x600.jpg 600w, https:\/\/chinacustomboxes.com\/wp-content\/uploads\/2025\/08\/Custom-Magnetic-Lid-Eyeshadow-Palette-Packaging-Wholesale-4-100x100.jpg 100w\" sizes=\"(max-width: 1000px) 100vw, 1000px\" \/><\/p>\n<h2 id=\"-3-stunning-surface-area-workmanship-a-three-dimensional-feast-for-the-tactile-and-visual-picks-up-\"><strong>3. \u00c7arp\u0131c\u0131 Y\u00fczey Alan\u0131 \u0130\u015f\u00e7ili\u011fi: Dokunsal ve G\u00f6rsel Zevkler i\u00e7in \u00dc\u00e7 Boyutlu Bir \u015e\u00f6len\u00a0<\/strong>.<\/h2>\n<p>Bu ambalaj\u0131n en \u00e7arp\u0131c\u0131 \u00f6zelli\u011fi dikkat \u00e7ekici y\u00fczey alan\u0131 terapisidir. Geli\u015ftirici, foto\u011frafta g\u00f6sterilen inci ve yakut \u00e7i\u00e7ek desenlerinin ger\u00e7ek\u00e7i bir \u00fc\u00e7 boyutlu sonucunu geli\u015ftirmek i\u00e7in 3D kabartma veya tutkal\/kristal yap\u0131\u015ft\u0131r\u0131c\u0131 stratejilerini ustal\u0131kla kullanm\u0131\u015ft\u0131r. Y\u00fczey \u00fczerinde kayan narin yap\u0131, benzersiz dalgal\u0131 bir yap\u0131 ortaya \u00e7\u0131kararak \u015fa\u015f\u0131rt\u0131c\u0131 bir etki yarat\u0131yor. \u00d6zel d\u00f6rt renkli (CMYK) veya spot renkli bask\u0131, ipek tarihinin yumu\u015fak parlakl\u0131\u011f\u0131n\u0131 ve k\u0131r\u0131lgan k\u0131vr\u0131mlar\u0131n\u0131 kusursuz bir \u015fekilde yeniden yaratarak t\u00fcm tasar\u0131m\u0131 bir sanat eseri gibi hayata ge\u00e7irir.<\/p>\n<p><img decoding=\"async\" class=\"alignnone wp-image-2374 size-full\" src=\"https:\/\/chinacustomboxes.com\/wp-content\/uploads\/2025\/08\/Custom-Magnetic-Lid-Eyeshadow-Palette-Packaging-Wholesale-3.jpg\" alt=\"\u00d6zel Manyetik Kapakl\u0131 G\u00f6z Far\u0131 Paleti Ambalaj\u0131 Toptan Sat\u0131\u015f\" width=\"1000\" height=\"1000\" title=\"\" srcset=\"https:\/\/chinacustomboxes.com\/wp-content\/uploads\/2025\/08\/Custom-Magnetic-Lid-Eyeshadow-Palette-Packaging-Wholesale-3.jpg 1000w, https:\/\/chinacustomboxes.com\/wp-content\/uploads\/2025\/08\/Custom-Magnetic-Lid-Eyeshadow-Palette-Packaging-Wholesale-3-300x300.jpg 300w, https:\/\/chinacustomboxes.com\/wp-content\/uploads\/2025\/08\/Custom-Magnetic-Lid-Eyeshadow-Palette-Packaging-Wholesale-3-150x150.jpg 150w, https:\/\/chinacustomboxes.com\/wp-content\/uploads\/2025\/08\/Custom-Magnetic-Lid-Eyeshadow-Palette-Packaging-Wholesale-3-768x768.jpg 768w, https:\/\/chinacustomboxes.com\/wp-content\/uploads\/2025\/08\/Custom-Magnetic-Lid-Eyeshadow-Palette-Packaging-Wholesale-3-12x12.jpg 12w, https:\/\/chinacustomboxes.com\/wp-content\/uploads\/2025\/08\/Custom-Magnetic-Lid-Eyeshadow-Palette-Packaging-Wholesale-3-600x600.jpg 600w, https:\/\/chinacustomboxes.com\/wp-content\/uploads\/2025\/08\/Custom-Magnetic-Lid-Eyeshadow-Palette-Packaging-Wholesale-3-100x100.jpg 100w\" sizes=\"(max-width: 1000px) 100vw, 1000px\" \/><\/p>\n<h2 id=\"-4-glamorous-shade-looks-a-visual-discussion-of-the-aristocracy-and-beauty-\"><strong>4. G\u00f6z Al\u0131c\u0131 G\u00f6lge G\u00f6r\u00fcn\u00fcmleri: Aristokrasi ve G\u00fczellik \u00dczerine G\u00f6rsel Bir Tart\u0131\u015fma<\/strong><\/h2>\n<p>Ambalaj\u0131n genelinde yumu\u015fak \u015fampanya alt\u0131n\u0131 ve kirli beyaz tonlar\u0131 kullan\u0131larak rahat, \u015f\u0131k ve kad\u0131ns\u0131 bir estetik atmosfer yarat\u0131lm\u0131\u015ft\u0131r. Do\u011fal g\u00f6lge de\u011fi\u015fimleri ve a\u015f\u0131r\u0131 parlakl\u0131k, ipe\u011fi \u00e7a\u011fr\u0131\u015ft\u0131ran ak\u0131c\u0131l\u0131k, moda tak\u0131lar\u0131n \u0131\u015f\u0131lt\u0131s\u0131n\u0131 kusursuz bir \u015fekilde vurgulayarak t\u00fcketicilerin dikkatini h\u0131zla \u00e7ekmekte ve g\u00fc\u00e7l\u00fc bir sat\u0131n alma ihtiyac\u0131 uyand\u0131rmaktad\u0131r.<\/p>\n<h2 id=\"-5-user-friendly-internal-layout-taken-into-consideration-for-functionality-and-mobility-\"><strong>5. Kullan\u0131c\u0131 Dostu \u0130\u00e7 D\u00fczen: \u0130\u015flevsellik ve Mobilite Dikkate Al\u0131nm\u0131\u015ft\u0131r\u00a0<\/strong>.<\/h2>\n<p>\u00dcr\u00fcn\u00fcn katma de\u011ferini ve pratikli\u011fini art\u0131rmak i\u00e7in kapa\u011f\u0131n i\u00e7ine \u00f6zenle y\u00fcksek \u00e7\u00f6z\u00fcn\u00fcrl\u00fckl\u00fc bir makyaj aynas\u0131 yerle\u015ftirilmi\u015ftir. Aynan\u0131n ideal boyutu ve y\u00fcksek netli\u011fi, her zaman ve her yerde basit uygulama ve r\u00f6tu\u015flara olanak tan\u0131r. Bu d\u00fc\u015f\u00fcnceli stil, \u00fcr\u00fcn\u00fcn i\u015flevselli\u011fini ve hareket kabiliyetini \u00f6nemli \u00f6l\u00e7\u00fcde art\u0131rarak onu metropol g\u00fczellikleri i\u00e7in m\u00fckemmel bir seyahat veya g\u00fcnl\u00fck arkada\u015f haline getiriyor.<\/p>\n<p><img loading=\"lazy\" decoding=\"async\" class=\"alignnone wp-image-2373 size-full\" src=\"https:\/\/chinacustomboxes.com\/wp-content\/uploads\/2025\/08\/Custom-Magnetic-Lid-Eyeshadow-Palette-Packaging-Wholesale-2.jpg\" alt=\"\u00d6zel Manyetik Kapakl\u0131 G\u00f6z Far\u0131 Paleti Ambalaj\u0131 Toptan Sat\u0131\u015f\" width=\"1000\" height=\"1000\" title=\"\" srcset=\"https:\/\/chinacustomboxes.com\/wp-content\/uploads\/2025\/08\/Custom-Magnetic-Lid-Eyeshadow-Palette-Packaging-Wholesale-2.jpg 1000w, https:\/\/chinacustomboxes.com\/wp-content\/uploads\/2025\/08\/Custom-Magnetic-Lid-Eyeshadow-Palette-Packaging-Wholesale-2-300x300.jpg 300w, https:\/\/chinacustomboxes.com\/wp-content\/uploads\/2025\/08\/Custom-Magnetic-Lid-Eyeshadow-Palette-Packaging-Wholesale-2-150x150.jpg 150w, https:\/\/chinacustomboxes.com\/wp-content\/uploads\/2025\/08\/Custom-Magnetic-Lid-Eyeshadow-Palette-Packaging-Wholesale-2-768x768.jpg 768w, https:\/\/chinacustomboxes.com\/wp-content\/uploads\/2025\/08\/Custom-Magnetic-Lid-Eyeshadow-Palette-Packaging-Wholesale-2-12x12.jpg 12w, https:\/\/chinacustomboxes.com\/wp-content\/uploads\/2025\/08\/Custom-Magnetic-Lid-Eyeshadow-Palette-Packaging-Wholesale-2-600x600.jpg 600w, https:\/\/chinacustomboxes.com\/wp-content\/uploads\/2025\/08\/Custom-Magnetic-Lid-Eyeshadow-Palette-Packaging-Wholesale-2-100x100.jpg 100w\" sizes=\"(max-width: 1000px) 100vw, 1000px\" \/><\/p>\n<h2 id=\"-6-accuracy-lined-security-a-guarantee-of-stability-and-security-\"><strong>6. Do\u011fruluk \u00c7izgili G\u00fcvenlik: \u0130stikrar ve G\u00fcvenlik Garantisi\u00a0<\/strong>.<\/h2>\n<p>Ambalaj\u0131n i\u00e7indeki g\u00f6z far\u0131 paleti taban\u0131, her bir \u00f6zel g\u00f6z far\u0131 kompakt\u0131 i\u00e7in \u00f6zel olarak yap\u0131lm\u0131\u015f dairesel bir oluk ile \u00f6zel olarak kal\u0131pla kesilmi\u015ftir. Bu tarz, paleti g\u00fcvenli bir \u015fekilde yerinde tutar, titreme, \u00e7arpma veya beklenmedik d\u00fc\u015f\u00fc\u015flerden kaynaklanan toz hasar\u0131n\u0131 etkili bir \u015fekilde \u00f6nler ve \u00fcr\u00fcn i\u00e7in en g\u00fcvenilir ve kapsaml\u0131 korumay\u0131 sa\u011flar.<\/p>\n<h2 id=\"-7-full-customization-produce-your-special-brand-stamp-\"><strong>7. Tam \u00d6zelle\u015ftirme: \u00d6zel Marka Damgan\u0131z\u0131 \u00dcretin\u00a0<\/strong>.<\/h2>\n<p>Her markan\u0131n benzersizli\u011fini anl\u0131yor ve kapsaml\u0131 \u00f6zelle\u015ftirme hizmetleri sunuyoruz:.<\/p>\n<ul>\n<li><strong>Boyutlar ve \u00d6zellikler\u00a0<\/strong>: Markalar kolayca<a href=\"https:\/\/chinacustomboxes.com\/tr\/\"> ambalaj kutular\u0131n\u0131 \u00f6zelle\u015ftirin<\/a> g\u00f6z farlar\u0131n\u0131n miktar\u0131na ve boyutuna ba\u011fl\u0131 olarak her t\u00fcr boyutta.<\/li>\n<li><strong>Malzeme Se\u00e7imi\u00a0<\/strong>: Her tasar\u0131ma ve harcama plan\u0131na uyacak bir dizi \u00f6zel ka\u011f\u0131t, duyarl\u0131 belge ve \u00e7evre dostu ka\u011f\u0131t sunuyoruz.<\/li>\n<li><strong>El Sanatlar\u0131 Kombinasyonlar\u0131\u00a0<\/strong>: \u00d6zel g\u00f6rsel ve duyarl\u0131 efektler geli\u015ftirmek i\u00e7in s\u0131cak i\u015faretleme, UV i\u015flemleri, kabartma ve laminasyon gibi birinci s\u0131n\u0131f el sanatlar\u0131n\u0131 a\u00e7\u0131k\u00e7a birle\u015ftirebilirsiniz.<\/li>\n<li><strong>Tasar\u0131m Reprod\u00fcksiyonu\u00a0<\/strong>: Her renk ve desen bilgisini tam olarak \u00e7o\u011faltmak i\u00e7in geli\u015fmi\u015f bir g\u00f6lge izleme sisteminden yararlanarak marka stilinize g\u00f6re tam olarak bask\u0131 yapaca\u011f\u0131m\u0131za s\u00f6z veriyoruz.<\/li>\n<\/ul>\n<p><img loading=\"lazy\" decoding=\"async\" class=\"alignnone wp-image-2372 size-full\" src=\"https:\/\/chinacustomboxes.com\/wp-content\/uploads\/2025\/08\/Custom-Magnetic-Lid-Eyeshadow-Palette-Packaging-Wholesale-1.jpg\" alt=\"\u00d6zel Manyetik Kapakl\u0131 G\u00f6z Far\u0131 Paleti Ambalaj\u0131 Toptan Sat\u0131\u015f\" width=\"1000\" height=\"1000\" title=\"\" srcset=\"https:\/\/chinacustomboxes.com\/wp-content\/uploads\/2025\/08\/Custom-Magnetic-Lid-Eyeshadow-Palette-Packaging-Wholesale-1.jpg 1000w, https:\/\/chinacustomboxes.com\/wp-content\/uploads\/2025\/08\/Custom-Magnetic-Lid-Eyeshadow-Palette-Packaging-Wholesale-1-300x300.jpg 300w, https:\/\/chinacustomboxes.com\/wp-content\/uploads\/2025\/08\/Custom-Magnetic-Lid-Eyeshadow-Palette-Packaging-Wholesale-1-150x150.jpg 150w, https:\/\/chinacustomboxes.com\/wp-content\/uploads\/2025\/08\/Custom-Magnetic-Lid-Eyeshadow-Palette-Packaging-Wholesale-1-768x768.jpg 768w, https:\/\/chinacustomboxes.com\/wp-content\/uploads\/2025\/08\/Custom-Magnetic-Lid-Eyeshadow-Palette-Packaging-Wholesale-1-12x12.jpg 12w, https:\/\/chinacustomboxes.com\/wp-content\/uploads\/2025\/08\/Custom-Magnetic-Lid-Eyeshadow-Palette-Packaging-Wholesale-1-600x600.jpg 600w, https:\/\/chinacustomboxes.com\/wp-content\/uploads\/2025\/08\/Custom-Magnetic-Lid-Eyeshadow-Palette-Packaging-Wholesale-1-100x100.jpg 100w\" sizes=\"(max-width: 1000px) 100vw, 1000px\" \/><\/p>\n<h2 id=\"-8-ultra-fast-digital-proofing-take-the-market-opportunity-\"><strong>8. Ultra H\u0131zl\u0131 Dijital Prova: Pazar F\u0131rsat\u0131n\u0131 Yakalay\u0131n<\/strong><\/h2>\n<p>Geli\u015fmi\u015f elektronik prova ekipman\u0131 ve etkili ekip \u00e7al\u0131\u015fmas\u0131yla, \u00f6rnek \u00fcretimi bir saat gibi k\u0131sa bir s\u00fcrede bitirmeyi garanti ediyoruz. Bu \"ne g\u00f6r\u00fcrseniz onu elde edersiniz\" hizmeti, d\u00fczeninizi derhal do\u011frulaman\u0131za ve son \u00fcr\u00fcn\u00fc m\u00fcmk\u00fcn olan en k\u0131sa s\u00fcrede hayal etmenize olanak tan\u0131yarak, \u00fcr\u00fcn ilerlemesini ve piyasaya s\u00fcr\u00fclmesini art\u0131rarak \u00e7ok rekabet\u00e7i pazarda bir avantaj elde etmenize yard\u0131mc\u0131 olur.<\/p>","protected":false},"excerpt":{"rendered":"<p>Bu zarif \u00f6zel manyetik far paleti, modaya uygun bir a\u00e7ma ve kapama sa\u011flayan gizli manyetik tutu\u015fa sahip zarif bir manyetik kapak stiline sahiptir. Sa\u011flam gri tahta yap\u0131s\u0131 ve yap\u0131s\u0131 ve k\u0131r\u0131lgan \u00f6zel ka\u011f\u0131t deste\u011fi ola\u011fan\u00fcst\u00fc kalitesini ortaya koymaktad\u0131r. En \u00e7arp\u0131c\u0131 i\u015flevi, \u00fc\u00e7 boyutlu inci ve elmas \u00e7i\u00e7ek deseni yaratan ve sansasyonel bir dokunsal ve estetik etki yaratan muhte\u015fem 3D kabartmad\u0131r. Yumu\u015fak k\u00f6p\u00fckl\u00fc \u015farap alt\u0131n\u0131 ve k\u0131r\u0131k beyaz tonlar\u0131 g\u00f6z al\u0131c\u0131 ve s\u0131cak bir atmosfer yarat\u0131r. Yerle\u015fik y\u00fcksek \u00e7\u00f6z\u00fcn\u00fcrl\u00fckl\u00fc makyaj aynas\u0131 ve hassas kal\u0131p kesim astar, hem hareketlili\u011fi hem de \u00fcr\u00fcn g\u00fcvenli\u011fini sa\u011flar. Boyuttan \u00fcr\u00fcne ve i\u015f\u00e7ili\u011fe kadar kapsaml\u0131 ki\u015fiselle\u015ftirme \u00e7\u00f6z\u00fcmleri ve bir saat i\u00e7inde h\u0131zl\u0131 prova g\u00fcvencesi sunarak, d\u00fczen konseptlerinizi derhal hayata ge\u00e7irmenize ve \u00f6zel, yepyeni bir hit \u00fcretmenize yard\u0131mc\u0131 oluyoruz.<\/p>","protected":false},"featured_media":2375,"template":"","meta":{"_kad_post_transparent":"default","_kad_post_title":"","_kad_post_layout":"default","_kad_post_sidebar_id":"","_kad_post_content_style":"default","_kad_post_vertical_padding":"default","_kad_post_feature":"","_kad_post_feature_position":"","_kad_post_header":false,"_kad_post_footer":false,"_kad_post_classname":""},"product_brand":[],"product_cat":[15,17,28,18],"product_tag":[588,590,589],"class_list":{"0":"post-2370","1":"product","2":"type-product","3":"status-publish","4":"has-post-thumbnail","6":"product_cat-boxes-by-shapes","7":"product_cat-boxes-by-industries","8":"product_cat-cosmetic-packaging-boxes","9":"product_cat-magnetic-closure-boxes","10":"product_tag-custom-magnetic-lid-boxes","11":"product_tag-custom-packaging-boxes-wholesale","12":"product_tag-eyeshadow-palette-packaging","14":"first","15":"instock","16":"shipping-taxable","17":"product-type-simple","18":"entry","19":"content-bg","20":"loop-entry"},"_links":{"self":[{"href":"https:\/\/chinacustomboxes.com\/tr\/wp-json\/wp\/v2\/product\/2370","targetHints":{"allow":["GET"]}}],"collection":[{"href":"https:\/\/chinacustomboxes.com\/tr\/wp-json\/wp\/v2\/product"}],"about":[{"href":"https:\/\/chinacustomboxes.com\/tr\/wp-json\/wp\/v2\/types\/product"}],"wp:featuredmedia":[{"embeddable":true,"href":"https:\/\/chinacustomboxes.com\/tr\/wp-json\/wp\/v2\/media\/2375"}],"wp:attachment":[{"href":"https:\/\/chinacustomboxes.com\/tr\/wp-json\/wp\/v2\/media?parent=2370"}],"wp:term":[{"taxonomy":"product_brand","embeddable":true,"href":"https:\/\/chinacustomboxes.com\/tr\/wp-json\/wp\/v2\/product_brand?post=2370"},{"taxonomy":"product_cat","embeddable":true,"href":"https:\/\/chinacustomboxes.com\/tr\/wp-json\/wp\/v2\/product_cat?post=2370"},{"taxonomy":"product_tag","embeddable":true,"href":"https:\/\/chinacustomboxes.com\/tr\/wp-json\/wp\/v2\/product_tag?post=2370"}],"curies":[{"name":"wp","href":"https:\/\/api.w.org\/{rel}","templated":true}]}}