{"id":2384,"date":"2025-09-08T02:34:47","date_gmt":"2025-09-08T02:34:47","guid":{"rendered":"https:\/\/chinacustomboxes.com\/?post_type=product&#038;p=2384"},"modified":"2025-09-08T02:34:47","modified_gmt":"2025-09-08T02:34:47","slug":"neck-lid-and-base-boxes-for-candle-perfume-cosmetic-china","status":"publish","type":"product","link":"https:\/\/chinacustomboxes.com\/tr\/neck-lid-and-base-boxes-for-candle-perfume-cosmetic-china\/","title":{"rendered":"Mum Parf\u00fcm Kozmetik \u00c7in i\u00e7in Boyun Kapa\u011f\u0131 ve Taban Kutular\u0131"},"content":{"rendered":"<h2 id=\"-luxury-and-style-a-tasteful-choice-neck-boxes-for-candles-perfumes-and-cosmetics-\">Mum Parf\u00fcm Kozmetik \u00c7in i\u00e7in Boyun Kapa\u011f\u0131 ve Taban Kutular\u0131<\/h2>\n<p>Birinci s\u0131n\u0131f mumlar, parf\u00fcmler ve kozmetikler i\u00e7in tasarlanan bu esnek olmayan \u00fcr\u00fcn ambalaj kutular\u0131, klasik ve b\u00fcy\u00fcleyici bir boyun kutusuna sahiptir (ayr\u0131ca <a href=\"https:\/\/chinacustomboxes.com\/tr\/lid-and-base-boxes\/\">omuz kapa\u011f\u0131 ve taban kutular\u0131<\/a>) yap\u0131s\u0131na sahiptir. T\u00fcr\u00fcn\u00fcn tek \u00f6rne\u011fi olan stili, yaln\u0131zca ola\u011fan\u00fcst\u00fc \u00fcr\u00fcn korumas\u0131 sa\u011flamakla kalmaz, ayn\u0131 zamanda t\u00f6rensel bir a\u00e7\u0131l\u0131\u015f deneyimiyle markan\u0131n l\u00fcks ve de\u011fer duygusunu da geli\u015ftirir. Dikkat \u00e7ekici marka ambalajlar\u0131 \u00fcretmek i\u00e7in birinci s\u0131n\u0131f \u00fcr\u00fcnler se\u00e7iyor ve muhte\u015fem i\u015f\u00e7ili\u011fi bir araya getiriyoruz.<\/p>\n<p><img fetchpriority=\"high\" decoding=\"async\" class=\"alignnone wp-image-2385 size-large\" src=\"https:\/\/chinacustomboxes.com\/wp-content\/uploads\/2025\/09\/Lid-and-Baase-for-Candle-1-1024x1024.jpg\" alt=\"Mum Parf\u00fcm i\u00e7in Kapak ve Taban\" width=\"1024\" height=\"1024\" title=\"\" srcset=\"https:\/\/chinacustomboxes.com\/wp-content\/uploads\/2025\/09\/Lid-and-Baase-for-Candle-1-1024x1024.jpg 1024w, https:\/\/chinacustomboxes.com\/wp-content\/uploads\/2025\/09\/Lid-and-Baase-for-Candle-1-300x300.jpg 300w, https:\/\/chinacustomboxes.com\/wp-content\/uploads\/2025\/09\/Lid-and-Baase-for-Candle-1-150x150.jpg 150w, https:\/\/chinacustomboxes.com\/wp-content\/uploads\/2025\/09\/Lid-and-Baase-for-Candle-1-768x768.jpg 768w, https:\/\/chinacustomboxes.com\/wp-content\/uploads\/2025\/09\/Lid-and-Baase-for-Candle-1-1536x1536.jpg 1536w, https:\/\/chinacustomboxes.com\/wp-content\/uploads\/2025\/09\/Lid-and-Baase-for-Candle-1-12x12.jpg 12w, https:\/\/chinacustomboxes.com\/wp-content\/uploads\/2025\/09\/Lid-and-Baase-for-Candle-1-600x600.jpg 600w, https:\/\/chinacustomboxes.com\/wp-content\/uploads\/2025\/09\/Lid-and-Baase-for-Candle-1-100x100.jpg 100w, https:\/\/chinacustomboxes.com\/wp-content\/uploads\/2025\/09\/Lid-and-Baase-for-Candle-1.jpg 1920w\" sizes=\"(max-width: 1024px) 100vw, 1024px\" \/><\/p>\n<h2 id=\"1-standard-neck-box-framework-\">1.\u00a0<strong>Standart Boyun Kutular\u0131 \u00c7er\u00e7evesi\u00a0<\/strong><\/h2>\n<p>Bu mum, koku ve <a href=\"https:\/\/chinacustomboxes.com\/tr\/cosmetic-packaging-boxes\/\">kozmeti\u0307k kutulari<\/a> geleneksel boyun kutular\u0131 \u00e7er\u00e7evesine sahiptir. Bu kutular bir kapak, bir taban ve kapak ile taban\u0131n sorunsuz bir \u015fekilde oturmas\u0131n\u0131 sa\u011flayan entegre bir \"boyun \"dan (ayn\u0131 \u015fekilde \"omuz\" olarak da adland\u0131r\u0131l\u0131r) olu\u015fur. A\u00e7\u0131ld\u0131\u011f\u0131nda ortaya \u00e7\u0131kan hafif s\u00f6n\u00fcmleme etkisi, kutu a\u00e7ma deneyimini geli\u015ftirerek bir gerilim ve de\u011fer hissi yarat\u0131rken ayn\u0131 zamanda \u00fcr\u00fcne \u00fcst d\u00fczey bir dokunu\u015f katar. Bu sabit \u00e7er\u00e7eve, i\u00e7indeki \u00fcr\u00fcn i\u00e7in m\u00fckemmel bir savunma sa\u011flar.<\/p>\n<p><img decoding=\"async\" class=\"alignnone wp-image-2386 size-full\" src=\"https:\/\/chinacustomboxes.com\/wp-content\/uploads\/2025\/09\/Lid-and-Baase-for-Candle-2.jpg\" alt=\"Mum Parf\u00fcm i\u00e7in Kapak ve Taban\" width=\"1919\" height=\"1919\" title=\"\" srcset=\"https:\/\/chinacustomboxes.com\/wp-content\/uploads\/2025\/09\/Lid-and-Baase-for-Candle-2.jpg 1919w, https:\/\/chinacustomboxes.com\/wp-content\/uploads\/2025\/09\/Lid-and-Baase-for-Candle-2-300x300.jpg 300w, https:\/\/chinacustomboxes.com\/wp-content\/uploads\/2025\/09\/Lid-and-Baase-for-Candle-2-1024x1024.jpg 1024w, https:\/\/chinacustomboxes.com\/wp-content\/uploads\/2025\/09\/Lid-and-Baase-for-Candle-2-150x150.jpg 150w, https:\/\/chinacustomboxes.com\/wp-content\/uploads\/2025\/09\/Lid-and-Baase-for-Candle-2-768x768.jpg 768w, https:\/\/chinacustomboxes.com\/wp-content\/uploads\/2025\/09\/Lid-and-Baase-for-Candle-2-1536x1536.jpg 1536w, https:\/\/chinacustomboxes.com\/wp-content\/uploads\/2025\/09\/Lid-and-Baase-for-Candle-2-12x12.jpg 12w, https:\/\/chinacustomboxes.com\/wp-content\/uploads\/2025\/09\/Lid-and-Baase-for-Candle-2-600x600.jpg 600w, https:\/\/chinacustomboxes.com\/wp-content\/uploads\/2025\/09\/Lid-and-Baase-for-Candle-2-100x100.jpg 100w\" sizes=\"(max-width: 1919px) 100vw, 1919px\" \/><\/p>\n<h2 id=\"2-carefully-picked-high-quality-products-\">2.\u00a0<strong>\u00d6zenle Se\u00e7ilmi\u015f Y\u00fcksek Kaliteli \u00dcr\u00fcnler<\/strong><\/h2>\n<p>Bu kutular, dayan\u0131kl\u0131l\u0131\u011f\u0131n\u0131 ve uzun \u00f6m\u00fcrl\u00fcl\u00fc\u011f\u00fcn\u00fc sa\u011flayan kal\u0131n bir karton taban kullan\u0131r. D\u0131\u015f katman, \u00fcr\u00fcn ambalaj\u0131n\u0131n genel kalitesini \u00f6nemli \u00f6l\u00e7\u00fcde art\u0131ran \u00f6zel bir g\u00f6r\u00fcn\u00fcme ve duyarl\u0131 bir hisse sahip olan, titizlikle se\u00e7ilmi\u015f sanat ka\u011f\u0131d\u0131yla kaplanm\u0131\u015ft\u0131r. \u0130\u00e7 astar yumu\u015fak siyah kadifeden yap\u0131lm\u0131\u015ft\u0131r ve k\u0131r\u0131lgan \u00fcr\u00fcnleri ba\u015far\u0131l\u0131 bir \u015fekilde koruyup sabitleyerek nakliye ve te\u015fhir ekran\u0131 s\u0131ras\u0131nda hareket etmelerini veya hasar g\u00f6rmelerini \u00f6nler. Bir\u00e7ok \u00c7inli tedarik\u00e7i \u015fu anda \u00e7evrenin korunmas\u0131na \u00f6ncelik vermekte ve geri d\u00f6n\u00fc\u015ft\u00fcr\u00fclebilir, \u00e7evre dostu malzemeler kullanmaktad\u0131r.<\/p>\n<p><img decoding=\"async\" class=\"alignnone wp-image-2387 size-large\" src=\"https:\/\/chinacustomboxes.com\/wp-content\/uploads\/2025\/09\/Lid-and-Baase-for-Candle-3-1024x1024.jpg\" alt=\"Mum Parf\u00fcm i\u00e7in Kapak ve Taban\" width=\"1024\" height=\"1024\" title=\"\" srcset=\"https:\/\/chinacustomboxes.com\/wp-content\/uploads\/2025\/09\/Lid-and-Baase-for-Candle-3-1024x1024.jpg 1024w, https:\/\/chinacustomboxes.com\/wp-content\/uploads\/2025\/09\/Lid-and-Baase-for-Candle-3-300x300.jpg 300w, https:\/\/chinacustomboxes.com\/wp-content\/uploads\/2025\/09\/Lid-and-Baase-for-Candle-3-150x150.jpg 150w, https:\/\/chinacustomboxes.com\/wp-content\/uploads\/2025\/09\/Lid-and-Baase-for-Candle-3-768x768.jpg 768w, https:\/\/chinacustomboxes.com\/wp-content\/uploads\/2025\/09\/Lid-and-Baase-for-Candle-3-1536x1536.jpg 1536w, https:\/\/chinacustomboxes.com\/wp-content\/uploads\/2025\/09\/Lid-and-Baase-for-Candle-3-12x12.jpg 12w, https:\/\/chinacustomboxes.com\/wp-content\/uploads\/2025\/09\/Lid-and-Baase-for-Candle-3-600x600.jpg 600w, https:\/\/chinacustomboxes.com\/wp-content\/uploads\/2025\/09\/Lid-and-Baase-for-Candle-3-100x100.jpg 100w, https:\/\/chinacustomboxes.com\/wp-content\/uploads\/2025\/09\/Lid-and-Baase-for-Candle-3.jpg 1919w\" sizes=\"(max-width: 1024px) 100vw, 1024px\" \/><\/p>\n<h2 id=\"3-exquisite-craftsmanship-\">3.\u00a0<strong>M\u00fckemmel \u0130\u015f\u00e7ilik\u00a0<\/strong><\/h2>\n<p>Bu sert \u00fcr\u00fcn<a href=\"https:\/\/chinacustomboxes.com\/tr\/\"> ambalaj kutular\u0131<\/a> y\u00fcksek derecede i\u015f\u00e7ilik g\u00f6sterir. Ambalaj\u0131n y\u00fczey alan\u0131 p\u00fcr\u00fczs\u00fcz, kenarlar\u0131 d\u00fczenli ve kusursuzdur. Kapaktaki marka logosu ve di\u011fer \u00e7e\u015fitli metinler y\u00fcksek hassasiyetli s\u0131cak damgalama prosed\u00fcr\u00fc kullan\u0131larak uygulanm\u0131\u015ft\u0131r. Net, parlak yaz\u0131 karakteri, mat siyah kutularla \u00e7arp\u0131c\u0131 bir estetik kontrast olu\u015fturarak \u00e7arp\u0131c\u0131 ve \u00e7ekici bir etki yarat\u0131r. S\u0131cak damgalama, kabartma ve UV bask\u0131, estetik \u00fcr\u00fcn ambalaj\u0131 i\u00e7in tipik olarak kullan\u0131lan katma de\u011ferli tekniklerdir ve \u00fcr\u00fcn\u00fcn alg\u0131lanan de\u011ferini uygun \u015fekilde art\u0131r\u0131r.<\/p>\n<h2 id=\"4-downplayed-luxury-shade-combination-\">4.\u00a0<strong>\u00d6nemsenmeyen L\u00fcks G\u00f6lge Kombinasyonu\u00a0<\/strong><\/h2>\n<p>\u00dcr\u00fcn ambalaj kutular\u0131n\u0131n metninde kullan\u0131lan koyu mat siyah renk, gizemli bir \u00fcst d\u00fczey ambiyans yarat\u0131yor. \u00c7arp\u0131c\u0131 bir son dokunu\u015f olan boyun, g\u00f6z kama\u015ft\u0131r\u0131c\u0131 bir alt\u0131nla vurgulanm\u0131\u015ft\u0131r. Bu geleneksel siyah ve alt\u0131n kombinasyonu, \u00fcr\u00fcn\u00fcn premium konumunu daha da g\u00fc\u00e7lendiriyor ve ola\u011fan\u00fcst\u00fc bir tercih sergiliyor. Bu renk kar\u0131\u015f\u0131m\u0131 sadece g\u00fc\u00e7l\u00fc bir estetik etkiye sahip olmakla kalmaz, ayn\u0131 zamanda \u00fcst d\u00fczey kozmetiklerin, kokular\u0131n ve harika mum \u0131\u015f\u0131klar\u0131n\u0131n pazar g\u00f6r\u00fcn\u00fcm\u00fcyle de m\u00fckemmel bir uyum sa\u011flar.<\/p>\n<p><img loading=\"lazy\" decoding=\"async\" class=\"alignnone wp-image-2388 size-large\" src=\"https:\/\/chinacustomboxes.com\/wp-content\/uploads\/2025\/09\/Lid-and-Baase-for-Candle-4-1024x1024.jpg\" alt=\"Mum Parf\u00fcm i\u00e7in Kapak ve Taban\" width=\"1024\" height=\"1024\" title=\"\" srcset=\"https:\/\/chinacustomboxes.com\/wp-content\/uploads\/2025\/09\/Lid-and-Baase-for-Candle-4-1024x1024.jpg 1024w, https:\/\/chinacustomboxes.com\/wp-content\/uploads\/2025\/09\/Lid-and-Baase-for-Candle-4-300x300.jpg 300w, https:\/\/chinacustomboxes.com\/wp-content\/uploads\/2025\/09\/Lid-and-Baase-for-Candle-4-150x150.jpg 150w, https:\/\/chinacustomboxes.com\/wp-content\/uploads\/2025\/09\/Lid-and-Baase-for-Candle-4-768x768.jpg 768w, https:\/\/chinacustomboxes.com\/wp-content\/uploads\/2025\/09\/Lid-and-Baase-for-Candle-4-1536x1536.jpg 1536w, https:\/\/chinacustomboxes.com\/wp-content\/uploads\/2025\/09\/Lid-and-Baase-for-Candle-4-12x12.jpg 12w, https:\/\/chinacustomboxes.com\/wp-content\/uploads\/2025\/09\/Lid-and-Baase-for-Candle-4-600x600.jpg 600w, https:\/\/chinacustomboxes.com\/wp-content\/uploads\/2025\/09\/Lid-and-Baase-for-Candle-4-100x100.jpg 100w, https:\/\/chinacustomboxes.com\/wp-content\/uploads\/2025\/09\/Lid-and-Baase-for-Candle-4.jpg 1920w\" sizes=\"(max-width: 1024px) 100vw, 1024px\" \/><\/p>\n<h2 id=\"5-simple-yet-amazing-design-aesthetic-\">5.\u00a0<strong>Basit Ama \u015ea\u015f\u0131rt\u0131c\u0131 Tasar\u0131m Esteti\u011fi\u00a0<\/strong><\/h2>\n<p>Genel tasar\u0131m, \u00e7ok fazla s\u00fcslemeyi \u00f6nleyerek minimal ilkelere uyar. Bunun yerine, birinci s\u0131n\u0131f malzemeler ve \u00f6zenli i\u015f\u00e7ilik ile \u00fcr\u00fcn\u00fcn ayr\u0131lmaz \u00fcst\u00fcn kalitesini vurgular. Tek \"cihaz\" kapaktaki parlayan alt\u0131n kaplama marka logosudur. Bu kolay d\u00fczen, markan\u0131n kendisine etkili bir \u015fekilde odaklanarak t\u00fcketicilerin dikkatini h\u0131zla \u00e7ekmeye ve marka tan\u0131n\u0131rl\u0131\u011f\u0131n\u0131 art\u0131rmaya yard\u0131mc\u0131 olur.<\/p>\n<h2 id=\"6-personalized-protective-lining-\">6.\u00a0<strong>Ki\u015fiselle\u015ftirilmi\u015f Koruyucu Astar\u00a0<\/strong><\/h2>\n<p>H\u00fccresel astar, \u00fcst d\u00fczey ambalajlaman\u0131n \u00f6nemli bir unsurudur ve ana i\u015flevi \u00fcr\u00fcn\u00fc korumak ve muhafaza etmektir. \u00dcr\u00fcn\u00fcn\u00fcz\u00fcn \u00f6zel \u015fekline ve boyutuna g\u00f6re hassas bir \u015fekilde kal\u0131pla kesebilir ve ta\u015f\u0131yabiliriz, b\u00f6ylece kutulara kusursuz bir \u015fekilde oturmas\u0131n\u0131 sa\u011flar ve hareketi etkili bir \u015fekilde durdurarak nakliye s\u0131ras\u0131nda hasar riskini en aza indiririz. Ayr\u0131ca, yumu\u015fak astar malzemesi toplam kutu a\u00e7ma deneyimini ve \u00fcr\u00fcn\u00fcn alg\u0131lanan de\u011ferini \u00f6nemli \u00f6l\u00e7\u00fcde art\u0131r\u0131r.<\/p>\n<p><img loading=\"lazy\" decoding=\"async\" class=\"alignnone wp-image-2389 size-large\" src=\"https:\/\/chinacustomboxes.com\/wp-content\/uploads\/2025\/09\/Lid-and-Baase-for-Candle-5-1024x1024.jpg\" alt=\"Mum Parf\u00fcm i\u00e7in Kapak ve Taban\" width=\"1024\" height=\"1024\" title=\"\" srcset=\"https:\/\/chinacustomboxes.com\/wp-content\/uploads\/2025\/09\/Lid-and-Baase-for-Candle-5-1024x1024.jpg 1024w, https:\/\/chinacustomboxes.com\/wp-content\/uploads\/2025\/09\/Lid-and-Baase-for-Candle-5-300x300.jpg 300w, https:\/\/chinacustomboxes.com\/wp-content\/uploads\/2025\/09\/Lid-and-Baase-for-Candle-5-150x150.jpg 150w, https:\/\/chinacustomboxes.com\/wp-content\/uploads\/2025\/09\/Lid-and-Baase-for-Candle-5-768x768.jpg 768w, https:\/\/chinacustomboxes.com\/wp-content\/uploads\/2025\/09\/Lid-and-Baase-for-Candle-5-1536x1536.jpg 1536w, https:\/\/chinacustomboxes.com\/wp-content\/uploads\/2025\/09\/Lid-and-Baase-for-Candle-5-12x12.jpg 12w, https:\/\/chinacustomboxes.com\/wp-content\/uploads\/2025\/09\/Lid-and-Baase-for-Candle-5-600x600.jpg 600w, https:\/\/chinacustomboxes.com\/wp-content\/uploads\/2025\/09\/Lid-and-Baase-for-Candle-5-100x100.jpg 100w, https:\/\/chinacustomboxes.com\/wp-content\/uploads\/2025\/09\/Lid-and-Baase-for-Candle-5.jpg 1920w\" sizes=\"(max-width: 1024px) 100vw, 1024px\" \/><\/p>\n<h2 id=\"7-flexible-and-diverse-customization-services-\">7.\u00a0<strong>Esnek ve \u00c7e\u015fitli \u00d6zelle\u015ftirme Hizmetleri\u00a0<\/strong><\/h2>\n<p>\u00d6nemli bir uluslararas\u0131 \u00fcr\u00fcn ambalaj\u0131 \u00fcretim \u00fcss\u00fc olarak \u00c7inli \u00fcreticiler genellikle son derece uyarlanabilir modifikasyon hizmetleri kullanmaktad\u0131r. M\u00fc\u015fteriler, \u00f6zel marka ihtiya\u00e7lar\u0131n\u0131 kar\u015f\u0131lamak i\u00e7in kutu formunu, boyutunu, malzemesini, bask\u0131 s\u00fcrecini (spot renkli bask\u0131, s\u0131cak damgalama, spot UV vb.) ve astar se\u00e7imini tamamen ki\u015fiselle\u015ftirebilir ve marka ad\u0131 resimlerine ve \u00fcr\u00fcn niteliklerine en uygun \u00f6zelle\u015ftirilmi\u015f bir ambalaj hizmeti \u00fcretebilir.<\/p>","protected":false},"excerpt":{"rendered":"<p>Mum \u0131\u015f\u0131klar\u0131, parf\u00fcmler ve kozmetikler i\u00e7in tasarlanan bu sert boyunlu kutu \u00fcr\u00fcn ambalaj\u0131, klasik \u00fcst ve alt kapak yap\u0131s\u0131, en kaliteli \u00fcr\u00fcnleri ve zarif i\u015f\u00e7ili\u011fi ile \u00fcst d\u00fczey ve s\u0131n\u0131f\u0131 m\u00fckemmel bir \u015fekilde temsil eder. Mat siyah ve s\u0131cak damgan\u0131n klasik renk kombinasyonu, sade ancak \u00e7arp\u0131c\u0131 tasar\u0131m ve \u00f6zel g\u00fcvenlik astar\u0131, \u00fcr\u00fcnleriniz i\u00e7in sa\u011flam bir savunma sa\u011flamakla kalmaz, ayn\u0131 zamanda marka de\u011ferinizi ve t\u00fcketici deneyiminizi estetik ve dokunsal olarak geli\u015ftirir. Benzersiz marka ambalajlar\u0131 yaratman\u0131za yard\u0131mc\u0131 olmak i\u00e7in kapsaml\u0131 \u00f6zelle\u015ftirme \u00e7\u00f6z\u00fcmleri sunuyoruz.<\/p>","protected":false},"featured_media":2385,"template":"","meta":{"_kad_post_transparent":"default","_kad_post_title":"","_kad_post_layout":"default","_kad_post_sidebar_id":"","_kad_post_content_style":"default","_kad_post_vertical_padding":"default","_kad_post_feature":"","_kad_post_feature_position":"","_kad_post_header":false,"_kad_post_footer":false,"_kad_post_classname":""},"product_brand":[],"product_cat":[15,17,33,28,19,34],"product_tag":[595,594,596],"class_list":{"0":"post-2384","1":"product","2":"type-product","3":"status-publish","4":"has-post-thumbnail","6":"product_cat-boxes-by-shapes","7":"product_cat-boxes-by-industries","8":"product_cat-candle-packaging-boxes","9":"product_cat-cosmetic-packaging-boxes","10":"product_cat-lid-and-base-boxes","11":"product_cat-perfume-packaging-boxes","12":"product_tag-lid-and-base-boxes-for-candle","13":"product_tag-neck-lid-and-base-boxes","14":"product_tag-perfume-boxes-china","16":"first","17":"instock","18":"shipping-taxable","19":"product-type-simple","20":"entry","21":"content-bg","22":"loop-entry"},"_links":{"self":[{"href":"https:\/\/chinacustomboxes.com\/tr\/wp-json\/wp\/v2\/product\/2384","targetHints":{"allow":["GET"]}}],"collection":[{"href":"https:\/\/chinacustomboxes.com\/tr\/wp-json\/wp\/v2\/product"}],"about":[{"href":"https:\/\/chinacustomboxes.com\/tr\/wp-json\/wp\/v2\/types\/product"}],"wp:featuredmedia":[{"embeddable":true,"href":"https:\/\/chinacustomboxes.com\/tr\/wp-json\/wp\/v2\/media\/2385"}],"wp:attachment":[{"href":"https:\/\/chinacustomboxes.com\/tr\/wp-json\/wp\/v2\/media?parent=2384"}],"wp:term":[{"taxonomy":"product_brand","embeddable":true,"href":"https:\/\/chinacustomboxes.com\/tr\/wp-json\/wp\/v2\/product_brand?post=2384"},{"taxonomy":"product_cat","embeddable":true,"href":"https:\/\/chinacustomboxes.com\/tr\/wp-json\/wp\/v2\/product_cat?post=2384"},{"taxonomy":"product_tag","embeddable":true,"href":"https:\/\/chinacustomboxes.com\/tr\/wp-json\/wp\/v2\/product_tag?post=2384"}],"curies":[{"name":"wp","href":"https:\/\/api.w.org\/{rel}","templated":true}]}}