{"id":2390,"date":"2025-09-08T02:19:02","date_gmt":"2025-09-08T02:19:02","guid":{"rendered":"https:\/\/chinacustomboxes.com\/?post_type=product&#038;p=2390"},"modified":"2025-09-08T02:19:02","modified_gmt":"2025-09-08T02:19:02","slug":"custom-makeup-cosmetic-set-packaging-rigid-boxes-wholesale","status":"publish","type":"product","link":"https:\/\/chinacustomboxes.com\/tr\/custom-makeup-cosmetic-set-packaging-rigid-boxes-wholesale\/","title":{"rendered":"\u00d6zel Makyaj Kozmetik Seti Ambalaj\u0131 Sert Kutular Toptan Sat\u0131\u015f"},"content":{"rendered":"<h2 id=\"custom-makeup-cosmetic-establish-packaging-inflexible-boxes-wholesale\">\u00d6zel Makyaj Kozmetik Seti Ambalaj\u0131 Sert Kutular Toptan Sat\u0131\u015f<\/h2>\n<p>Estetik koleksiyonlar i\u00e7in \u00f6zel olarak tasarlanan bu karton kutular, marka imaj\u0131n\u0131 ve m\u00fc\u015fteri deneyimini art\u0131rmak i\u00e7in \u00fcretilmi\u015ftir. E\u015fsiz iki katl\u0131 kap\u0131 \u00e7er\u00e7evesi, kutudan \u00e7\u0131karma s\u0131ras\u0131nda rutin bir his yaratmakla kalmaz, ayn\u0131 zamanda \u00fcr\u00fcnleri t\u00fcketicilere kusursuz bir \u015fekilde sunar. \u00dcr\u00fcnlerinize sa\u011flam ve g\u00fcvenilir bir g\u00fcvenlik sa\u011flamak i\u00e7in y\u00fcksek yo\u011funluklu EVA h\u00fccresel astar ile birle\u015ftirilmi\u015f \u00e7ekirdek \u00fcr\u00fcn olarak en kaliteli kartonu \u00f6zenle se\u00e7iyoruz. \u015e\u0131k beyaz ve pembe renk deseninden zarif s\u0131cak damgalamaya ve hassas V-oluklu kesime kadar her ayr\u0131nt\u0131, \u00f6zelle\u015ftirilmi\u015f i\u015f\u00e7ili\u011fin \u00fcst\u00fcn i\u015f\u00e7ili\u011fini g\u00f6stermektedir. Boyuttan, malzemeye ve yay\u0131n malzemesine kadar kapsaml\u0131 \u00f6zelle\u015ftirmeyi s\u00fcrd\u00fcr\u00fcyor ve \"1 saatlik \u00f6rnek geri d\u00f6n\u00fc\u015f\" gibi h\u0131zl\u0131 bir yan\u0131t s\u00fcresi sa\u011flayarak markan\u0131z\u0131n \u015fiddetli pazar rekabetinde dikkat \u00e7ekmesine yard\u0131mc\u0131 oluyoruz.<\/p>\n<p><img fetchpriority=\"high\" decoding=\"async\" class=\"alignnone wp-image-2395 size-large\" src=\"https:\/\/chinacustomboxes.com\/wp-content\/uploads\/2025\/09\/Cosmetic-Paackaging-boxes-5-1024x1024.jpg\" alt=\"Makyaj Kozmetik Ambalaj kutular\u0131\" width=\"1024\" height=\"1024\" title=\"\" srcset=\"https:\/\/chinacustomboxes.com\/wp-content\/uploads\/2025\/09\/Cosmetic-Paackaging-boxes-5-1024x1024.jpg 1024w, https:\/\/chinacustomboxes.com\/wp-content\/uploads\/2025\/09\/Cosmetic-Paackaging-boxes-5-300x300.jpg 300w, https:\/\/chinacustomboxes.com\/wp-content\/uploads\/2025\/09\/Cosmetic-Paackaging-boxes-5-150x150.jpg 150w, https:\/\/chinacustomboxes.com\/wp-content\/uploads\/2025\/09\/Cosmetic-Paackaging-boxes-5-768x768.jpg 768w, https:\/\/chinacustomboxes.com\/wp-content\/uploads\/2025\/09\/Cosmetic-Paackaging-boxes-5-1536x1536.jpg 1536w, https:\/\/chinacustomboxes.com\/wp-content\/uploads\/2025\/09\/Cosmetic-Paackaging-boxes-5-12x12.jpg 12w, https:\/\/chinacustomboxes.com\/wp-content\/uploads\/2025\/09\/Cosmetic-Paackaging-boxes-5-600x600.jpg 600w, https:\/\/chinacustomboxes.com\/wp-content\/uploads\/2025\/09\/Cosmetic-Paackaging-boxes-5-100x100.jpg 100w, https:\/\/chinacustomboxes.com\/wp-content\/uploads\/2025\/09\/Cosmetic-Paackaging-boxes-5.jpg 1920w\" sizes=\"(max-width: 1024px) 100vw, 1024px\" \/><\/p>\n<h2 id=\"-1-cutting-edge-bi-fold-door-framework-develops-a-phenomenal-unboxing-experience-\"><strong>1. Son teknoloji ikiye katlan\u0131r kap\u0131 \u00e7er\u00e7evesi ola\u011fan\u00fcst\u00fc bir kutudan \u00e7\u0131karma deneyimi geli\u015ftirir\u00a0<\/strong><\/h2>\n<p>Bu estetik set ambalaj\u0131, tipik olarak \u015fu \u00fcr\u00fcnlerde bulunan iki katl\u0131 kutu yap\u0131s\u0131n\u0131 benimser <a href=\"https:\/\/chinacustomboxes.com\/tr\/\">premium hedi\u0307ye kutulari<\/a>M\u00fc\u015fteriler i\u00e7in benzersiz bir rutin duygusu ve ke\u015fif duygusu yaratarak, \u00fcr\u00fcn\u00fcn ve marka resminin dahil edilen de\u011ferini b\u00fcy\u00fck \u00f6l\u00e7\u00fcde art\u0131r\u0131r. \u00c7ift kap\u0131l\u0131 tasar\u0131m, i\u00e7erideki \u00f6\u011felerin m\u00fc\u015fterilere tam ve a\u00e7\u0131k bir \u015fekilde g\u00f6sterilmesini sa\u011flayarak net bir format ve rahat eri\u015fim sa\u011flar ve \u00fcr\u00fcn g\u00f6r\u00fcnt\u00fcleme ekran\u0131 deneyimini geli\u015ftirir. Karton malzeme, yenilik\u00e7i yap\u0131sal stil ile birle\u015fti\u011finde, paketi inan\u0131lmaz derecede sa\u011flam hale getirir ve i\u00e7indeki k\u0131r\u0131lgan kozmetik \u00fcr\u00fcnleri nakliye ve depolama s\u0131ras\u0131nda hasarlardan etkili bir \u015fekilde korur.<\/p>\n<h2 id=\"-2-meticulously-picked-high-quality-base-materials-develop-a-premium-appearance-\"><strong>2. Titizlikle Se\u00e7ilmi\u015f Y\u00fcksek Kaliteli Temel Malzemeler \u00dcst\u00fcn Bir G\u00f6r\u00fcn\u00fcm Geli\u015ftirir\u00a0<\/strong><\/h2>\n<p>A\u015fa\u011f\u0131dakiler i\u00e7in \u00fcr\u00fcn se\u00e7imi<a href=\"https:\/\/chinacustomboxes.com\/tr\/boxes-by-shapes\/\"> sert kutular<\/a> makyaj kozmeti\u0307\u011fi\u0307 i\u0307\u00e7i\u0307n kurulan ambalajlar, \u00fcst\u00fcn g\u00f6r\u00fcn\u00fcmleri\u0307ni\u0307n ve koruyucu \u00f6zelli\u0307kleri\u0307ni\u0307n temeli\u0307di\u0307r. Kutular\u0131n ana \u00e7er\u00e7evesi a\u011f\u0131r, y\u00fcksek mukavemetli gri tahta veya kartondan in\u015fa edilir, bu da belirli bir mukavemet ve gerilme direnci sa\u011flayarak b\u00fck\u00fclmeye kar\u015f\u0131 \u00e7ok daha az savunmas\u0131z hale getirir. D\u0131\u015f katman y\u00fcksek kaliteli ku\u015fe ka\u011f\u0131t, mat ka\u011f\u0131t veya \u00f6zel ka\u011f\u0131tla kaplanabilir. Bu belgeler p\u00fcr\u00fczs\u00fcz ve k\u0131r\u0131lgan bir y\u00fczey, y\u00fcksek g\u00f6lgeli reprod\u00fcksiyon ve keyifli bir his sa\u011flayarak sonraki kullan\u0131mlar i\u00e7in m\u00fckemmel bir temel olu\u015fturur.<\/p>\n<p><img decoding=\"async\" class=\"alignnone wp-image-2394 size-large\" src=\"https:\/\/chinacustomboxes.com\/wp-content\/uploads\/2025\/09\/Cosmetic-Paackaging-boxes-4-1024x1024.jpg\" alt=\"Makyaj Kozmetik Ambalaj kutular\u0131\" width=\"1024\" height=\"1024\" title=\"\" srcset=\"https:\/\/chinacustomboxes.com\/wp-content\/uploads\/2025\/09\/Cosmetic-Paackaging-boxes-4-1024x1024.jpg 1024w, https:\/\/chinacustomboxes.com\/wp-content\/uploads\/2025\/09\/Cosmetic-Paackaging-boxes-4-300x300.jpg 300w, https:\/\/chinacustomboxes.com\/wp-content\/uploads\/2025\/09\/Cosmetic-Paackaging-boxes-4-150x150.jpg 150w, https:\/\/chinacustomboxes.com\/wp-content\/uploads\/2025\/09\/Cosmetic-Paackaging-boxes-4-768x768.jpg 768w, https:\/\/chinacustomboxes.com\/wp-content\/uploads\/2025\/09\/Cosmetic-Paackaging-boxes-4-1536x1536.jpg 1536w, https:\/\/chinacustomboxes.com\/wp-content\/uploads\/2025\/09\/Cosmetic-Paackaging-boxes-4-12x12.jpg 12w, https:\/\/chinacustomboxes.com\/wp-content\/uploads\/2025\/09\/Cosmetic-Paackaging-boxes-4-600x600.jpg 600w, https:\/\/chinacustomboxes.com\/wp-content\/uploads\/2025\/09\/Cosmetic-Paackaging-boxes-4-100x100.jpg 100w, https:\/\/chinacustomboxes.com\/wp-content\/uploads\/2025\/09\/Cosmetic-Paackaging-boxes-4.jpg 1920w\" sizes=\"(max-width: 1024px) 100vw, 1024px\" \/><\/p>\n<h2 id=\"-3-charming-craftsmanship-builds-a-brand-s-distinctive-taste-\"><strong>3. B\u00fcy\u00fcleyici \u0130\u015f\u00e7ilik Bir Markan\u0131n Ay\u0131rt Edici Lezzetini Olu\u015fturur\u00a0<\/strong><\/h2>\n<p>G\u00fczel i\u015f\u00e7ilik, tasar\u0131m efektleri elde etmek ve ambalaj\u0131n kalitesini art\u0131rmak i\u00e7in hayati \u00f6nem ta\u015f\u0131r. Bu makyaj kozmetik seti \u00fcr\u00fcn ambalaj\u0131 sert kutular\u0131nda bir dizi yenilik\u00e7i bask\u0131 ve son i\u015flem prosed\u00fcr\u00fc kullan\u0131lmaktad\u0131r:.<\/p>\n<ul>\n<li><strong>Y\u00fcksek \u00c7\u00f6z\u00fcn\u00fcrl\u00fckl\u00fc Bask\u0131:\u00a0<\/strong>Ambalaj\u0131n arkas\u0131ndaki \u00fcr\u00fcn tan\u0131t\u0131m\u0131 ve portre, y\u00fcksek hassasiyetli bask\u0131y\u0131 g\u00f6steren hassas tonlar ve yumu\u015fak ge\u00e7i\u015fler sunar.<\/li>\n<li><strong>S\u0131cak Damgalama:\u00a0<\/strong>Metnin bir k\u0131sm\u0131 s\u0131cak damgalanarak \u015f\u0131k bir metalik parlakl\u0131k elde edilmi\u015f, marka bilinirli\u011fi ve l\u00fcks hissi \u00f6nemli \u00f6l\u00e7\u00fcde art\u0131r\u0131lm\u0131\u015ft\u0131r.<\/li>\n<li><strong>Hassas \u015eekillendirme:\u00a0<\/strong>Hassas kal\u0131p kesimi ve V-oluk a\u00e7ma sayesinde kutular\u0131n kenarlar\u0131 ve k\u00f6\u015feleri net ve k\u00f6\u015felidir, bu da kartonun katland\u0131ktan sonra ideal 90 derecelik a\u00e7\u0131lar olu\u015fturmas\u0131na izin vererek temiz ve muhte\u015fem bir g\u00f6r\u00fcn\u00fcm sa\u011flar.<\/li>\n<\/ul>\n<h2 id=\"-4-timeless-color-combination-catches-consumers-focus-\"><strong>4. Zamans\u0131z Renk Kombinasyonu T\u00fcketicilerin Dikkatini \u00c7ekiyor\u00a0<\/strong><\/h2>\n<p>Bu <a href=\"https:\/\/chinacustomboxes.com\/tr\/boxes-by-industries\/\">ambalaj kutular\u0131<\/a> beyaz ve pembenin klasik bir kombinasyonunu kullan\u0131r. Ana renk olan beyaz, saf, sade ve yenilik\u00e7i bir g\u00f6r\u00fcn\u00fcm yarat\u0131yor. H\u00fccresel astar ve kenarlarda vurgu rengi olarak kullan\u0131lan pembe, yumu\u015fak, b\u00fcy\u00fcleyici ve kad\u0131ns\u0131 bir dokunu\u015f i\u00e7erir ve hedef t\u00fcketicinin g\u00f6rsel se\u00e7imlerini m\u00fckemmel bir \u015fekilde kaydeder. D\u0131\u015f kutular\u0131n kenarlar\u0131ndan i\u00e7 kapa\u011f\u0131n ve astar\u0131n kenar\u0131na kadar sabit pembe g\u00f6lge \u015femas\u0131, estetik a\u00e7\u0131dan ho\u015f ve profesyonel bir g\u00f6r\u00fcn\u00fcm \u00fcreten uyumlu ve sabit bir toplam tasar\u0131m \u00fcretir.<\/p>\n<p><img decoding=\"async\" class=\"alignnone wp-image-2393 size-large\" src=\"https:\/\/chinacustomboxes.com\/wp-content\/uploads\/2025\/09\/Cosmetic-Paackaging-boxes-3-1024x1024.jpg\" alt=\"Makyaj Kozmetik Ambalaj kutular\u0131\" width=\"1024\" height=\"1024\" title=\"\" srcset=\"https:\/\/chinacustomboxes.com\/wp-content\/uploads\/2025\/09\/Cosmetic-Paackaging-boxes-3-1024x1024.jpg 1024w, https:\/\/chinacustomboxes.com\/wp-content\/uploads\/2025\/09\/Cosmetic-Paackaging-boxes-3-300x300.jpg 300w, https:\/\/chinacustomboxes.com\/wp-content\/uploads\/2025\/09\/Cosmetic-Paackaging-boxes-3-150x150.jpg 150w, https:\/\/chinacustomboxes.com\/wp-content\/uploads\/2025\/09\/Cosmetic-Paackaging-boxes-3-768x768.jpg 768w, https:\/\/chinacustomboxes.com\/wp-content\/uploads\/2025\/09\/Cosmetic-Paackaging-boxes-3-1536x1536.jpg 1536w, https:\/\/chinacustomboxes.com\/wp-content\/uploads\/2025\/09\/Cosmetic-Paackaging-boxes-3-12x12.jpg 12w, https:\/\/chinacustomboxes.com\/wp-content\/uploads\/2025\/09\/Cosmetic-Paackaging-boxes-3-600x600.jpg 600w, https:\/\/chinacustomboxes.com\/wp-content\/uploads\/2025\/09\/Cosmetic-Paackaging-boxes-3-100x100.jpg 100w, https:\/\/chinacustomboxes.com\/wp-content\/uploads\/2025\/09\/Cosmetic-Paackaging-boxes-3.jpg 1919w\" sizes=\"(max-width: 1024px) 100vw, 1024px\" \/><\/p>\n<h2 id=\"-5-inventive-design-information-enhance-interaction-and-link-\"><strong>5. Yarat\u0131c\u0131 Tasar\u0131m Bilgileri Etkile\u015fimi ve Ba\u011flant\u0131y\u0131 Geli\u015ftirir\u00a0<\/strong><\/h2>\n<ul>\n<li><strong>Zarf Tarz\u0131 A\u00e7\u0131l\u0131\u015f:\u00a0<\/strong>D\u0131\u015f kutular\u0131n \u00f6n y\u00fcz\u00fcndeki zarf \u015feklindeki a\u00e7\u0131l\u0131 stil sade ama modaya uygun, m\u00fc\u015fterileri kutular\u0131 a\u00e7maya y\u00f6nlendiriyor ve etkile\u015fim ve e\u011flence i\u00e7eriyor.<\/li>\n<li><strong>Entegre QR Kodu:\u00a0<\/strong>Kutular\u0131n i\u00e7ine bas\u0131lan ve modern ambalajlar\u0131n ola\u011fan bir \u00f6zelli\u011fi olan QR kodu, t\u00fcketicileri daha fazla \u00fcr\u00fcn detay\u0131, e\u011fitici \u00f6\u011freticiler veya marka etkinlikleri i\u00e7in taramaya y\u00f6nlendirerek \u00e7evrimi\u00e7i ve \u00e7evrimd\u0131\u015f\u0131 aras\u0131nda hayati bir k\u00f6pr\u00fc g\u00f6revi g\u00f6r\u00fcyor.<\/li>\n<\/ul>\n<p><img loading=\"lazy\" decoding=\"async\" class=\"alignnone wp-image-2392 size-large\" src=\"https:\/\/chinacustomboxes.com\/wp-content\/uploads\/2025\/09\/Cosmetic-Paackaging-boxes-2-1024x1024.jpg\" alt=\"Makyaj Kozmetik Ambalaj kutular\u0131\" width=\"1024\" height=\"1024\" title=\"\" srcset=\"https:\/\/chinacustomboxes.com\/wp-content\/uploads\/2025\/09\/Cosmetic-Paackaging-boxes-2-1024x1024.jpg 1024w, https:\/\/chinacustomboxes.com\/wp-content\/uploads\/2025\/09\/Cosmetic-Paackaging-boxes-2-300x300.jpg 300w, https:\/\/chinacustomboxes.com\/wp-content\/uploads\/2025\/09\/Cosmetic-Paackaging-boxes-2-150x150.jpg 150w, https:\/\/chinacustomboxes.com\/wp-content\/uploads\/2025\/09\/Cosmetic-Paackaging-boxes-2-768x768.jpg 768w, https:\/\/chinacustomboxes.com\/wp-content\/uploads\/2025\/09\/Cosmetic-Paackaging-boxes-2-1536x1536.jpg 1536w, https:\/\/chinacustomboxes.com\/wp-content\/uploads\/2025\/09\/Cosmetic-Paackaging-boxes-2-12x12.jpg 12w, https:\/\/chinacustomboxes.com\/wp-content\/uploads\/2025\/09\/Cosmetic-Paackaging-boxes-2-600x600.jpg 600w, https:\/\/chinacustomboxes.com\/wp-content\/uploads\/2025\/09\/Cosmetic-Paackaging-boxes-2-100x100.jpg 100w, https:\/\/chinacustomboxes.com\/wp-content\/uploads\/2025\/09\/Cosmetic-Paackaging-boxes-2.jpg 1920w\" sizes=\"(max-width: 1024px) 100vw, 1024px\" \/><\/p>\n<h2 id=\"-6-specialist-lining-for-product-protection-\"><strong>6. \u00dcr\u00fcn Korumas\u0131 i\u00e7in Uzman Astar\u00a0<\/strong><\/h2>\n<p>Bunlar\u0131n i\u00e7 kaplamas\u0131 <a href=\"https:\/\/chinacustomboxes.com\/tr\/cosmetic-packaging-boxes\/\">makyaj kozmeti\u0307k seti\u0307 \u00fcr\u00fcn ambalaj kutulari<\/a> y\u00fcksek yo\u011funluklu EVA'dan yap\u0131lm\u0131\u015ft\u0131r ve \u00fcr\u00fcn\u00fcn \u015fekline g\u00f6re hassas bir \u015fekilde \u00fcretilmi\u015ftir. Bu malzeme \u00fcst\u00fcn dolgu ve \u015fok emme \u00f6zellikleri sa\u011flayarak her \u00fcr\u00fcn\u00fc yerine s\u0131k\u0131ca sabitler ve rezonans ve etkiye kar\u015f\u0131 korur.<\/p>\n<h2 id=\"-7-comprehensive-and-highly-personalized-to-meet-private-demands-\"><strong>7. \u00d6zel Talepleri Kar\u015f\u0131lamak i\u00e7in Kapsaml\u0131 ve Son Derece Ki\u015fiselle\u015ftirilmi\u015f\u00a0<\/strong><\/h2>\n<p>Bu makyaj kozmetik ambalaj\u0131 sert kutular\u0131, y\u00fcksek modifikasyonun en iyi \u00f6rne\u011fidir. Paket \u00e7er\u00e7evesi, boyut, malzeme se\u00e7ene\u011fi, bas\u0131l\u0131 i\u00e7erik (marka logosu tasar\u0131m\u0131, slogan, \u00fcr\u00fcn bilgileri vb.) veya astar\u0131n yuvalanmas\u0131 olsun, \u00e7e\u015fitli marka adlar\u0131n\u0131n ve \u00fcr\u00fcnlerin bireyselle\u015ftirilmi\u015f taleplerini tamamen kar\u015f\u0131layarak \u00f6zel ihtiya\u00e7lar\u0131n\u0131za g\u00f6re uyarlayabiliriz.<\/p>\n<p><img loading=\"lazy\" decoding=\"async\" class=\"alignnone wp-image-2391 size-large\" src=\"https:\/\/chinacustomboxes.com\/wp-content\/uploads\/2025\/09\/Cosmetic-Paackaging-boxes-1-1024x1024.jpg\" alt=\"Makyaj Kozmetik Ambalaj kutular\u0131\" width=\"1024\" height=\"1024\" title=\"\" srcset=\"https:\/\/chinacustomboxes.com\/wp-content\/uploads\/2025\/09\/Cosmetic-Paackaging-boxes-1-1024x1024.jpg 1024w, https:\/\/chinacustomboxes.com\/wp-content\/uploads\/2025\/09\/Cosmetic-Paackaging-boxes-1-300x300.jpg 300w, https:\/\/chinacustomboxes.com\/wp-content\/uploads\/2025\/09\/Cosmetic-Paackaging-boxes-1-150x150.jpg 150w, https:\/\/chinacustomboxes.com\/wp-content\/uploads\/2025\/09\/Cosmetic-Paackaging-boxes-1-768x768.jpg 768w, https:\/\/chinacustomboxes.com\/wp-content\/uploads\/2025\/09\/Cosmetic-Paackaging-boxes-1-1536x1536.jpg 1536w, https:\/\/chinacustomboxes.com\/wp-content\/uploads\/2025\/09\/Cosmetic-Paackaging-boxes-1-12x12.jpg 12w, https:\/\/chinacustomboxes.com\/wp-content\/uploads\/2025\/09\/Cosmetic-Paackaging-boxes-1-600x600.jpg 600w, https:\/\/chinacustomboxes.com\/wp-content\/uploads\/2025\/09\/Cosmetic-Paackaging-boxes-1-100x100.jpg 100w, https:\/\/chinacustomboxes.com\/wp-content\/uploads\/2025\/09\/Cosmetic-Paackaging-boxes-1.jpg 1919w\" sizes=\"(max-width: 1024px) 100vw, 1024px\" \/><\/p>\n<h2 id=\"-8-1-hour-sample-turnaround-shows-superior-manufacturing-capabilities-\"><strong>8. \"1 Saatte Numune D\u00f6n\u00fc\u015f\u00fc\" \u00dcst\u00fcn \u00dcretim Yeteneklerini G\u00f6steriyor\u00a0<\/strong><\/h2>\n<p>\"1 Saatte \u00d6rnek D\u00f6n\u00fc\u015f\u00fc\", \u00fcreticinin g\u00fc\u00e7l\u00fc yan\u0131t verme ve prova kapasitelerini g\u00f6stermektedir. Bu, \u00fcretim tesisinin g\u00fcvenilir bir stil ekibine, dijital prova cihazlar\u0131na ve yenilik\u00e7i \u00fcretim prosed\u00fcrlerine sahip oldu\u011funu ve m\u00fc\u015fteri yerle\u015fim ilkelerini do\u011frudan belge s\u00fcresinde fiziksel numunelere d\u00f6n\u00fc\u015ft\u00fcrmemize olanak tan\u0131d\u0131\u011f\u0131n\u0131, karar verme d\u00f6ng\u00fcs\u00fcn\u00fc \u00f6nemli \u00f6l\u00e7\u00fcde azaltt\u0131\u011f\u0131n\u0131 ve pazara sunma s\u00fcresini art\u0131rd\u0131\u011f\u0131n\u0131 g\u00f6stermektedir.<\/p>","protected":false},"excerpt":{"rendered":"<p>\u00d6zellikle cazibe markalar\u0131 i\u00e7in \u00f6zelle\u015ftirilmi\u015f toptan ki\u015fiselle\u015ftirilmi\u015f karton \u00fcr\u00fcn ambalaj kutular\u0131m\u0131z\u0131 ke\u015ffedin. \u00d6zel \u00e7ift katl\u0131 kap\u0131 d\u00fczenine sahip bu hediye kutular\u0131, sadece kozmetik setiniz i\u00e7in ola\u011fan\u00fcst\u00fc bir kutu a\u00e7ma deneyimi sunmakla kalmaz, ayn\u0131 zamanda sa\u011flam yap\u0131s\u0131 ve hassas EVA h\u00fccresel astar\u0131 sayesinde ola\u011fan\u00fcst\u00fc \u00fcr\u00fcn g\u00fcvenli\u011fi sa\u011flar. Markan\u0131z\u0131n \u00fcst\u00fcn kalitesini tamamen sergilemek i\u00e7in sofistike bir beyaz ve pembe renk deseniyle entegre edilmi\u015f y\u00fcksek \u00e7\u00f6z\u00fcn\u00fcrl\u00fckl\u00fc bask\u0131 ve s\u0131cak markalama dahil olmak \u00fczere \u00e7e\u015fitli sofistike teknikler kullan\u0131yoruz. Boyut, \u00fcr\u00fcn ve bask\u0131da tam modifikasyonu destekliyor ve marka de\u011ferinizi art\u0131rman\u0131z ve m\u00fc\u015fterileri \u00e7ekmeniz i\u00e7in m\u00fckemmel bir paketleme hizmeti olan \"1 saat i\u00e7inde \u00f6rnek \u00fcretim\" gibi h\u0131zl\u0131 bir \u00e7\u00f6z\u00fcm sunuyoruz.<\/p>","protected":false},"featured_media":2391,"template":"","meta":{"_kad_post_transparent":"default","_kad_post_title":"","_kad_post_layout":"default","_kad_post_sidebar_id":"","_kad_post_content_style":"default","_kad_post_vertical_padding":"default","_kad_post_feature":"","_kad_post_feature_position":"","_kad_post_header":false,"_kad_post_footer":false,"_kad_post_classname":""},"product_brand":[],"product_cat":[15,17,28,23],"product_tag":[593,591,592],"class_list":{"0":"post-2390","1":"product","2":"type-product","3":"status-publish","4":"has-post-thumbnail","6":"product_cat-boxes-by-shapes","7":"product_cat-boxes-by-industries","8":"product_cat-cosmetic-packaging-boxes","9":"product_cat-unusual-shaped-boxes","10":"product_tag-cosmetic-set-boxes-wholesale","11":"product_tag-custom-makeup-boxes","12":"product_tag-packaging-rigid-boxes","14":"first","15":"instock","16":"shipping-taxable","17":"product-type-simple","18":"entry","19":"content-bg","20":"loop-entry"},"_links":{"self":[{"href":"https:\/\/chinacustomboxes.com\/tr\/wp-json\/wp\/v2\/product\/2390","targetHints":{"allow":["GET"]}}],"collection":[{"href":"https:\/\/chinacustomboxes.com\/tr\/wp-json\/wp\/v2\/product"}],"about":[{"href":"https:\/\/chinacustomboxes.com\/tr\/wp-json\/wp\/v2\/types\/product"}],"wp:featuredmedia":[{"embeddable":true,"href":"https:\/\/chinacustomboxes.com\/tr\/wp-json\/wp\/v2\/media\/2391"}],"wp:attachment":[{"href":"https:\/\/chinacustomboxes.com\/tr\/wp-json\/wp\/v2\/media?parent=2390"}],"wp:term":[{"taxonomy":"product_brand","embeddable":true,"href":"https:\/\/chinacustomboxes.com\/tr\/wp-json\/wp\/v2\/product_brand?post=2390"},{"taxonomy":"product_cat","embeddable":true,"href":"https:\/\/chinacustomboxes.com\/tr\/wp-json\/wp\/v2\/product_cat?post=2390"},{"taxonomy":"product_tag","embeddable":true,"href":"https:\/\/chinacustomboxes.com\/tr\/wp-json\/wp\/v2\/product_tag?post=2390"}],"curies":[{"name":"wp","href":"https:\/\/api.w.org\/{rel}","templated":true}]}}